{"id":53,"date":"2019-02-03T18:42:03","date_gmt":"2019-02-03T18:42:03","guid":{"rendered":"http:\/\/jonas-hornung.de\/?page_id=53"},"modified":"2025-03-03T10:14:05","modified_gmt":"2025-03-03T10:14:05","slug":"ausstellungen","status":"publish","type":"page","link":"http:\/\/jonas-hornung.de\/?page_id=53","title":{"rendered":"Ausstellungen"},"content":{"rendered":"\n<p><a href=\"http:\/\/jonas-hornung.de\/?page_id=20\"><em>zu den Impressionen der Ausstellungen<\/em><\/a><\/p>\n\n\n\n<p>2025<br>Kurator der Ausstellung &#8222;Druckwerke&#8220; in Gedenken an G\u00fcnther Sturm (Bayreuth) in M\u00fcnchberg<br>&#8222;Kunstweg&#8220; in Bockenheim an der Weinstra\u00dfe<\/p>\n\n\n\n<p>2024<br>58. Ausstellung der Schwarzenbacher Maler (Gastk\u00fcnstler)<br>Weihnachtsdorf im Antonia-Werr-Zentrum<br>AK-Kunst Weihnachtsausstellung im B\u00fcrgerzentrum M\u00fcnchberg<\/p>\n\n\n\n<p>2023<br>AK-Kunst Weihnachtsausstellung im B\u00fcrgerzentrum M\u00fcnchberg<\/p>\n\n\n\n<p>2022<br>erste Wohnzimmer- und Gartenausstellung <br>Kunst im Leerstand M\u00fcnchberg im &nbsp;im Rahmen des Jubil\u00e4ums von \u201e50 Jahre AK- Kunst, 30 Jahre Workshops, 20 Jahre Junge- KUNSTschule und 40 Jahre B\u00fcrgerzentrum M\u00fcnchberg<br>AK-Kunst Weihnachtsausstellung im B\u00fcrgerzentrum M\u00fcnchberg<\/p>\n\n\n\n<p>2020<br>Ausstellung &#8222;<a href=\"http:\/\/jonas-hornung.de\/?p=412\">Begegnungen<\/a>&#8220; im B\u00fcrgerzentrum M\u00fcnchberg<\/p>\n\n\n\n<figure class=\"wp-block-image size-large\"><img loading=\"lazy\" decoding=\"async\" width=\"1024\" height=\"1024\" src=\"http:\/\/jonas-hornung.de\/wp-content\/uploads\/2020\/02\/EINLADUNG-Jonas-Hornung-1024x1024.jpg\" alt=\"\" class=\"wp-image-356\" srcset=\"http:\/\/jonas-hornung.de\/wp-content\/uploads\/2020\/02\/EINLADUNG-Jonas-Hornung-1024x1024.jpg 1024w, http:\/\/jonas-hornung.de\/wp-content\/uploads\/2020\/02\/EINLADUNG-Jonas-Hornung-300x300.jpg 300w, http:\/\/jonas-hornung.de\/wp-content\/uploads\/2020\/02\/EINLADUNG-Jonas-Hornung-150x150.jpg 150w, http:\/\/jonas-hornung.de\/wp-content\/uploads\/2020\/02\/EINLADUNG-Jonas-Hornung-768x767.jpg 768w, http:\/\/jonas-hornung.de\/wp-content\/uploads\/2020\/02\/EINLADUNG-Jonas-Hornung-1536x1534.jpg 1536w, http:\/\/jonas-hornung.de\/wp-content\/uploads\/2020\/02\/EINLADUNG-Jonas-Hornung-2048x2046.jpg 2048w, http:\/\/jonas-hornung.de\/wp-content\/uploads\/2020\/02\/EINLADUNG-Jonas-Hornung-100x100.jpg 100w\" sizes=\"auto, (max-width: 767px) 89vw, (max-width: 1000px) 54vw, (max-width: 1071px) 543px, 580px\" \/><\/figure>\n\n\n\n<p>2018 <br>Er\u00f6ffnung des Skulpturengarten von Udo R\u00f6del in M\u00fcnchberg <\/p>\n\n\n\n<p>2017<br>K\u00fcnstlerischer Beitrag des Projektes \u201eWunsiedel ist Bunt\u201c <br>der Mittelschule Wunsiedel gegen Rassismus <br>ARTUR 20 in M\u00fcnchberg mit Udo R\u00f6del, Sebastian Wassmann, Helga Hopfe,<br>Harald Goldhan und den fr\u00e4nkischen Lichtmalern<\/p>\n\n\n\n<p>2015 &#8211; 2016 <br>einj\u00e4hrige Einzelausstellung in dem B\u00fcro des Mitglieds des Deutschen<br>Bundestages (MdB) Hartmut Koschyk<\/p>\n\n\n\n<p>2014<br>Mitglied bei Focus Europa<br>Teilnahme bei dem Kultursommer in Bad Berneck<br>Ausstellung in Arenzano und Savona (Italien)<br>Ausstellung in \u201eDie Laus\u201c Bayreuth<br>Ausstellung im Forum Phoenix in Bayreuth<\/p>\n\n\n\n<p>2013<br> Ausstellung in der Galerie im B\u00fcrgerzentrum M\u00fcnchberg mit dem Thema <br>\u201eAbstrakte Malerei und Grafik\u201c<br>Ausstellungsplanung und Aufbau f\u00fcr Focus Europa <br>in der Kunstwandelhalle in Bad Elster<\/p>\n\n\n\n<p>2008 <br>erste Ausstellung in der Hallerm\u00fchle in Lehen <\/p>\n\n\n\n<p>2004 -2006<br>Gewinner der Medienwettbewerbe MB21 und Crossmedia<\/p>\n","protected":false},"excerpt":{"rendered":"<p>zu den Impressionen der Ausstellungen 2025Kurator der Ausstellung &#8222;Druckwerke&#8220; in Gedenken an G\u00fcnther Sturm (Bayreuth) in M\u00fcnchberg&#8222;Kunstweg&#8220; in Bockenheim an der Weinstra\u00dfe 202458. Ausstellung der Schwarzenbacher Maler (Gastk\u00fcnstler)Weihnachtsdorf im Antonia-Werr-ZentrumAK-Kunst Weihnachtsausstellung im B\u00fcrgerzentrum M\u00fcnchberg 2023AK-Kunst Weihnachtsausstellung im B\u00fcrgerzentrum M\u00fcnchberg 2022erste Wohnzimmer- und Gartenausstellung Kunst im Leerstand M\u00fcnchberg im &nbsp;im Rahmen des Jubil\u00e4ums von \u201e50 Jahre &hellip; <\/p>\n<p class=\"link-more\"><a href=\"http:\/\/jonas-hornung.de\/?page_id=53\" class=\"more-link\"><span class=\"screen-reader-text\">\u201eAusstellungen\u201c<\/span> weiterlesen<\/a><\/p>\n","protected":false},"author":1,"featured_media":0,"parent":0,"menu_order":0,"comment_status":"closed","ping_status":"closed","template":"","meta":{"ngg_post_thumbnail":0,"footnotes":""},"class_list":["post-53","page","type-page","status-publish","hentry"],"_links":{"self":[{"href":"http:\/\/jonas-hornung.de\/index.php?rest_route=\/wp\/v2\/pages\/53","targetHints":{"allow":["GET"]}}],"collection":[{"href":"http:\/\/jonas-hornung.de\/index.php?rest_route=\/wp\/v2\/pages"}],"about":[{"href":"http:\/\/jonas-hornung.de\/index.php?rest_route=\/wp\/v2\/types\/page"}],"author":[{"embeddable":true,"href":"http:\/\/jonas-hornung.de\/index.php?rest_route=\/wp\/v2\/users\/1"}],"replies":[{"embeddable":true,"href":"http:\/\/jonas-hornung.de\/index.php?rest_route=%2Fwp%2Fv2%2Fcomments&post=53"}],"version-history":[{"count":17,"href":"http:\/\/jonas-hornung.de\/index.php?rest_route=\/wp\/v2\/pages\/53\/revisions"}],"predecessor-version":[{"id":602,"href":"http:\/\/jonas-hornung.de\/index.php?rest_route=\/wp\/v2\/pages\/53\/revisions\/602"}],"wp:attachment":[{"href":"http:\/\/jonas-hornung.de\/index.php?rest_route=%2Fwp%2Fv2%2Fmedia&parent=53"}],"curies":[{"name":"wp","href":"https:\/\/api.w.org\/{rel}","templated":true}]}}