{"id":23,"date":"2019-02-03T18:31:42","date_gmt":"2019-02-03T18:31:42","guid":{"rendered":"http:\/\/jonas-hornung.de\/?page_id=23"},"modified":"2019-02-16T21:58:07","modified_gmt":"2019-02-16T21:58:07","slug":"kurse-und-die-arbeit-mit-dem-ak-kunst","status":"publish","type":"page","link":"http:\/\/jonas-hornung.de\/?page_id=23","title":{"rendered":"Kurse und die Arbeit mit dem AK-Kunst"},"content":{"rendered":"\n<p>2016 &#8211; 2017 <br>Gastdozent und Workshopleiter an der<a href=\"https:\/\/www.gs-konradsreuth.de\/index.php\/schulinfos\/kunstgrundschule\"> Kunstgrundschule Konradsreuth<\/a> f\u00fcr gemeinsame Projekte: <br>Fotografie, Hochdruck, Malerei, Skulptur<\/p>\n\n\n\n<p>2014<br>Gastdozent f\u00fcr die Uni Hof (M\u00fcnchberg) f\u00fcr die Themenbereiche <br>Hoch- und Tiefdruck <br><\/p>\n\n\n\n<p>seit 2013<br>Dozent beim Kunstkurs \u201eOsterWorkshop\u201c in M\u00fcnchberg <br>Dozent beim Kunstkurs  \u201eHerbstWorkshop\u201c in  M\u00fcnchberg <br>in verschiedenen Themenbereichen: <br>Hoch- und Tiefdruck, Ton, abstrakte Malerei, Zeichnung<\/p>\n","protected":false},"excerpt":{"rendered":"<p>2016 &#8211; 2017 Gastdozent und Workshopleiter an der Kunstgrundschule Konradsreuth f\u00fcr gemeinsame Projekte: Fotografie, Hochdruck, Malerei, Skulptur 2014Gastdozent f\u00fcr die Uni Hof (M\u00fcnchberg) f\u00fcr die Themenbereiche Hoch- und Tiefdruck seit 2013Dozent beim Kunstkurs \u201eOsterWorkshop\u201c in M\u00fcnchberg Dozent beim Kunstkurs \u201eHerbstWorkshop\u201c in M\u00fcnchberg in verschiedenen Themenbereichen: Hoch- und Tiefdruck, Ton, abstrakte Malerei, Zeichnung<\/p>\n","protected":false},"author":1,"featured_media":0,"parent":0,"menu_order":0,"comment_status":"closed","ping_status":"closed","template":"","meta":{"ngg_post_thumbnail":0,"footnotes":""},"class_list":["post-23","page","type-page","status-publish","hentry"],"_links":{"self":[{"href":"http:\/\/jonas-hornung.de\/index.php?rest_route=\/wp\/v2\/pages\/23","targetHints":{"allow":["GET"]}}],"collection":[{"href":"http:\/\/jonas-hornung.de\/index.php?rest_route=\/wp\/v2\/pages"}],"about":[{"href":"http:\/\/jonas-hornung.de\/index.php?rest_route=\/wp\/v2\/types\/page"}],"author":[{"embeddable":true,"href":"http:\/\/jonas-hornung.de\/index.php?rest_route=\/wp\/v2\/users\/1"}],"replies":[{"embeddable":true,"href":"http:\/\/jonas-hornung.de\/index.php?rest_route=%2Fwp%2Fv2%2Fcomments&post=23"}],"version-history":[{"count":6,"href":"http:\/\/jonas-hornung.de\/index.php?rest_route=\/wp\/v2\/pages\/23\/revisions"}],"predecessor-version":[{"id":220,"href":"http:\/\/jonas-hornung.de\/index.php?rest_route=\/wp\/v2\/pages\/23\/revisions\/220"}],"wp:attachment":[{"href":"http:\/\/jonas-hornung.de\/index.php?rest_route=%2Fwp%2Fv2%2Fmedia&parent=23"}],"curies":[{"name":"wp","href":"https:\/\/api.w.org\/{rel}","templated":true}]}}