{"id":225,"date":"2019-02-16T22:11:09","date_gmt":"2019-02-16T22:11:09","guid":{"rendered":"http:\/\/jonas-hornung.de\/?page_id=225"},"modified":"2019-02-16T22:14:39","modified_gmt":"2019-02-16T22:14:39","slug":"links","status":"publish","type":"page","link":"http:\/\/jonas-hornung.de\/?page_id=225","title":{"rendered":"Links"},"content":{"rendered":"\n<p><a href=\"https:\/\/www.udoroedel.de\/index.html\">Udo R\u00f6del<\/a><\/p>\n\n\n\n<p><a href=\"http:\/\/www.ak-kunst.de\/\">AK-Kunst<\/a><\/p>\n\n\n\n<p><a href=\"http:\/\/www.sebastian-wassmann.de\/cms2\/\">Sebastian Wassmann<\/a><\/p>\n\n\n\n<p><\/p>\n\n\n\n<p><\/p>\n\n\n\n<p><\/p>\n\n\n\n<p style=\"font-size:12px\" class=\"has-text-color has-cyan-bluish-gray-color\">Distanzierung<br>Das Landgericht Hamburg hat mit Urteil vom&nbsp;12.05.1998 entschieden, dass man durch die Anbringung bzw. Ausbringung von Links die Inhalte der gelinkten Seite ggf. mit zu&nbsp;verantworten hat. Dies kann &#8211; so das Landgericht Hamburg &#8211; nur dadurch verhindert&nbsp;werden, dass man sich ausdr\u00fccklich von den Inhalten der gelinkten Seite, bzw. des gesamten&nbsp;Webs distanziert. F\u00fcr alle diese Links, au\u00dfer solchen auf die eigene Homepage, gilt: Ich distanziere mich hiermit von Gestaltung und&nbsp;Inhalt s\u00e4mtlicher anderen Websites, egal ob ich&nbsp;einen Link, einen Banner oder sonstige&nbsp;Verkn\u00fcpfungen dorthin auf meinen Seiten habe oder nicht. <\/p>\n","protected":false},"excerpt":{"rendered":"<p>Udo R\u00f6del AK-Kunst Sebastian Wassmann DistanzierungDas Landgericht Hamburg hat mit Urteil vom&nbsp;12.05.1998 entschieden, dass man durch die Anbringung bzw. Ausbringung von Links die Inhalte der gelinkten Seite ggf. mit zu&nbsp;verantworten hat. Dies kann &#8211; so das Landgericht Hamburg &#8211; nur dadurch verhindert&nbsp;werden, dass man sich ausdr\u00fccklich von den Inhalten der gelinkten Seite, bzw. des gesamten&nbsp;Webs &hellip; <\/p>\n<p class=\"link-more\"><a href=\"http:\/\/jonas-hornung.de\/?page_id=225\" class=\"more-link\"><span class=\"screen-reader-text\">\u201eLinks\u201c<\/span> weiterlesen<\/a><\/p>\n","protected":false},"author":1,"featured_media":0,"parent":0,"menu_order":0,"comment_status":"closed","ping_status":"closed","template":"","meta":{"ngg_post_thumbnail":0,"footnotes":""},"class_list":["post-225","page","type-page","status-publish","hentry"],"_links":{"self":[{"href":"http:\/\/jonas-hornung.de\/index.php?rest_route=\/wp\/v2\/pages\/225","targetHints":{"allow":["GET"]}}],"collection":[{"href":"http:\/\/jonas-hornung.de\/index.php?rest_route=\/wp\/v2\/pages"}],"about":[{"href":"http:\/\/jonas-hornung.de\/index.php?rest_route=\/wp\/v2\/types\/page"}],"author":[{"embeddable":true,"href":"http:\/\/jonas-hornung.de\/index.php?rest_route=\/wp\/v2\/users\/1"}],"replies":[{"embeddable":true,"href":"http:\/\/jonas-hornung.de\/index.php?rest_route=%2Fwp%2Fv2%2Fcomments&post=225"}],"version-history":[{"count":4,"href":"http:\/\/jonas-hornung.de\/index.php?rest_route=\/wp\/v2\/pages\/225\/revisions"}],"predecessor-version":[{"id":231,"href":"http:\/\/jonas-hornung.de\/index.php?rest_route=\/wp\/v2\/pages\/225\/revisions\/231"}],"wp:attachment":[{"href":"http:\/\/jonas-hornung.de\/index.php?rest_route=%2Fwp%2Fv2%2Fmedia&parent=225"}],"curies":[{"name":"wp","href":"https:\/\/api.w.org\/{rel}","templated":true}]}}